{"id":3326,"date":"2023-04-14T05:19:12","date_gmt":"2023-04-14T05:19:12","guid":{"rendered":"https:\/\/caresine.com\/caresine_new\/?post_type=product&#038;p=3326"},"modified":"2024-08-22T17:09:25","modified_gmt":"2024-08-22T15:09:25","slug":"kiosk-csk10-borne-de-commande-selfordering-kiosk","status":"publish","type":"product","link":"https:\/\/caresine.com\/caresine_new\/product\/kiosk-csk10-borne-de-commande-selfordering-kiosk\/","title":{"rendered":"KIOSK\u00a0:  CSK10 borne de commande"},"content":{"rendered":"<p><strong>Kiosque CSK10 &#8211; Solution Puissante<\/strong><\/p>\n<p>D\u00e9couvrez l&#8217;avenir des transactions avec le <a href=\"https:\/\/caresine.com\/caresine_new\/product-category\/hardware\/kiosk-borne-de-commande-self-ordering\/\" rel=\"noopener\" target=\"_blank\">kiosque borne de commande<\/a> CSK10. Dot\u00e9 d&#8217;un processeur quad-core J1900, d&#8217;un \u00e9cran tactile capacitif, d&#8217;un panneau LED TFT LCD de 15,6 pouces, de 8 Go de RAM, de 128 Go de SSD et bien plus.<\/p>\n<ul>\n<li>Processeur : J1900 quad Core 2.0G<\/li>\n<li>\u00c9cran Tactile : \u00c9cran Capacitif<\/li>\n<li>Panneau LCD : TFT LED 15,6 pouces (1366&#215;768)<\/li>\n<li>RAM : 8 Go<\/li>\n<li>Disque Dur : 128 Go SSD<\/li>\n<li>Syst\u00e8me d&#8217;Exploitation : Windows 10 (Version de Test)<\/li>\n<li>Port COM : 1<\/li>\n<li>Ports USB : 5<\/li>\n<li>Imprimante Thermique 80 mm<\/li>\n<li>Wi-Fi<\/li>\n<li>Haut-Parleur<\/li>\n<li>R\u00e9seau LAN : RTL81111 100\/1000M AUTO-ADAPTATION<\/li>\n<li>Adaptateur d&#8217;Alimentation : 12V 5A<\/li>\n<li>Certificat : CE\/FCC\/RoHS<\/li>\n<\/ul>\n<p>Optimisez l&#8217;efficacit\u00e9 et la commodit\u00e9 avec le kiosque CSK10. Am\u00e9liorez vos op\u00e9rations commerciales d\u00e8s aujourd&#8217;hui.<\/p>\n","protected":false},"excerpt":{"rendered":"<p style=\"text-align: left;\"><!--more--> KIOSK\u00a0: CSK10 Borne de commande<br \/>\nDesktop\u00a0 screen windows 10<\/p>\n<p style=\"text-align: left;\">J1900 quad Core2.0G<br \/>\nTouch Screen: Capacitive Screen<\/p>\n","protected":false},"featured_media":0,"comment_status":"open","ping_status":"closed","template":"","meta":{"_acf_changed":false},"product_brand":[],"product_cat":[65,69],"product_tag":[],"class_list":{"0":"post-3326","1":"product","2":"type-product","3":"status-publish","5":"product_cat-hardware","6":"product_cat-kiosk-borne-de-commande-self-ordering","7":"product_shipping_class-kiosk","9":"entry","11":"first","12":"instock","13":"sale","14":"taxable","15":"shipping-taxable","16":"purchasable","17":"product-type-simple","18":"has-product-nav","19":"col","20":"span_1_of_3","21":"owp-content-center","22":"owp-thumbs-layout-horizontal","23":"owp-btn-normal","24":"owp-tabs-layout-horizontal"},"acf":[],"_links":{"self":[{"href":"https:\/\/caresine.com\/caresine_new\/wp-json\/wp\/v2\/product\/3326","targetHints":{"allow":["GET"]}}],"collection":[{"href":"https:\/\/caresine.com\/caresine_new\/wp-json\/wp\/v2\/product"}],"about":[{"href":"https:\/\/caresine.com\/caresine_new\/wp-json\/wp\/v2\/types\/product"}],"replies":[{"embeddable":true,"href":"https:\/\/caresine.com\/caresine_new\/wp-json\/wp\/v2\/comments?post=3326"}],"version-history":[{"count":8,"href":"https:\/\/caresine.com\/caresine_new\/wp-json\/wp\/v2\/product\/3326\/revisions"}],"predecessor-version":[{"id":3692,"href":"https:\/\/caresine.com\/caresine_new\/wp-json\/wp\/v2\/product\/3326\/revisions\/3692"}],"wp:attachment":[{"href":"https:\/\/caresine.com\/caresine_new\/wp-json\/wp\/v2\/media?parent=3326"}],"wp:term":[{"taxonomy":"product_brand","embeddable":true,"href":"https:\/\/caresine.com\/caresine_new\/wp-json\/wp\/v2\/product_brand?post=3326"},{"taxonomy":"product_cat","embeddable":true,"href":"https:\/\/caresine.com\/caresine_new\/wp-json\/wp\/v2\/product_cat?post=3326"},{"taxonomy":"product_tag","embeddable":true,"href":"https:\/\/caresine.com\/caresine_new\/wp-json\/wp\/v2\/product_tag?post=3326"}],"curies":[{"name":"wp","href":"https:\/\/api.w.org\/{rel}","templated":true}]}}