{"id":3319,"date":"2023-04-14T03:56:37","date_gmt":"2023-04-14T03:56:37","guid":{"rendered":"https:\/\/caresine.com\/caresine_new\/?post_type=product&#038;p=3319"},"modified":"2024-08-22T17:09:25","modified_gmt":"2024-08-22T15:09:25","slug":"kiosk-csk215-borne-de-commande-selfordering-kiosk","status":"publish","type":"product","link":"https:\/\/caresine.com\/caresine_new\/product\/kiosk-csk215-borne-de-commande-selfordering-kiosk\/","title":{"rendered":"KIOSK\u00a0: CSK215 Borne de commande"},"content":{"rendered":"<p><strong>KIOSK : CSK215 Borne de Commande<\/strong><\/p>\n<p>\u00c9levez votre entreprise avec la <a href=\"https:\/\/caresine.com\/caresine_new\/product-category\/hardware\/kiosk-borne-de-commande-self-ordering\/\" rel=\"noopener\" target=\"_blank\">borne de commande KIOSK<\/a> : CSK215. Cette solution puissante simplifie les op\u00e9rations et am\u00e9liore les interactions clients. Profitez d&#8217;un processeur quad-core J1900 2.0 GHz, 8 Go de RAM, 128 Go de SSD, un \u00e9cran LED TFT 21,5 pouces et Windows 10.<\/p>\n<p>L&#8217;ensemble inclut \u00e9galement une imprimante thermique 80 mm avec scanner 1D+2D, WiFi, LAN et plus encore. Investissez pour une croissance d&#8217;entreprise fluide.<\/p>\n<p>&nbsp;<\/p>\n","protected":false},"excerpt":{"rendered":"<hr \/>\n<p>CSK215 Borne de commande<br \/>\nCPU:quad core<br \/>\nTouch Screen: Capacitive Screen<br \/>\nRAM: 8G<br \/>\nHDD: 128G SSD<br \/>\nOS: win 10<br \/>\nCOM: 1<br \/>\nUSB: 5<\/p>\n","protected":false},"featured_media":0,"comment_status":"open","ping_status":"closed","template":"","meta":{"_acf_changed":false},"product_brand":[],"product_cat":[65,69],"product_tag":[],"class_list":{"0":"post-3319","1":"product","2":"type-product","3":"status-publish","5":"product_cat-hardware","6":"product_cat-kiosk-borne-de-commande-self-ordering","7":"product_shipping_class-kiosk","9":"entry","11":"first","12":"instock","13":"sale","14":"taxable","15":"shipping-taxable","16":"purchasable","17":"product-type-simple","18":"has-product-nav","19":"col","20":"span_1_of_3","21":"owp-content-center","22":"owp-thumbs-layout-horizontal","23":"owp-btn-normal","24":"owp-tabs-layout-horizontal"},"acf":[],"_links":{"self":[{"href":"https:\/\/caresine.com\/caresine_new\/wp-json\/wp\/v2\/product\/3319","targetHints":{"allow":["GET"]}}],"collection":[{"href":"https:\/\/caresine.com\/caresine_new\/wp-json\/wp\/v2\/product"}],"about":[{"href":"https:\/\/caresine.com\/caresine_new\/wp-json\/wp\/v2\/types\/product"}],"replies":[{"embeddable":true,"href":"https:\/\/caresine.com\/caresine_new\/wp-json\/wp\/v2\/comments?post=3319"}],"version-history":[{"count":25,"href":"https:\/\/caresine.com\/caresine_new\/wp-json\/wp\/v2\/product\/3319\/revisions"}],"predecessor-version":[{"id":3703,"href":"https:\/\/caresine.com\/caresine_new\/wp-json\/wp\/v2\/product\/3319\/revisions\/3703"}],"wp:attachment":[{"href":"https:\/\/caresine.com\/caresine_new\/wp-json\/wp\/v2\/media?parent=3319"}],"wp:term":[{"taxonomy":"product_brand","embeddable":true,"href":"https:\/\/caresine.com\/caresine_new\/wp-json\/wp\/v2\/product_brand?post=3319"},{"taxonomy":"product_cat","embeddable":true,"href":"https:\/\/caresine.com\/caresine_new\/wp-json\/wp\/v2\/product_cat?post=3319"},{"taxonomy":"product_tag","embeddable":true,"href":"https:\/\/caresine.com\/caresine_new\/wp-json\/wp\/v2\/product_tag?post=3319"}],"curies":[{"name":"wp","href":"https:\/\/api.w.org\/{rel}","templated":true}]}}