{"id":3305,"date":"2023-04-15T05:07:16","date_gmt":"2023-04-15T05:07:16","guid":{"rendered":"https:\/\/caresine.com\/caresine_new\/?post_type=product&#038;p=3305"},"modified":"2024-08-22T17:09:24","modified_gmt":"2024-08-22T15:09:24","slug":"imprimante-cs808w-receipt-printer-imprimante-wifi-haute-qualite-impression-vitesse","status":"publish","type":"product","link":"https:\/\/caresine.com\/caresine_new\/product\/imprimante-cs808w-receipt-printer-imprimante-wifi-haute-qualite-impression-vitesse\/","title":{"rendered":"Imprimante CS808W Receipt Printer \/ Imprimante WIFI"},"content":{"rendered":"<p>  <strong> imprimante-cs808w-receipt-printer-imprimante-wifi-haute-qualite-impression-vitesse<\/strong><\/p>\n<table>\n<tbody>\n<tr>\n<td><strong>M\u00e9thode d&#8217;impression<\/strong><\/td>\n<td>Impression thermique \u00e0 ligne<\/td>\n<\/tr>\n<tr>\n<td><strong>Caract\u00e8re d&#8217;impression<\/strong><\/td>\n<td>576 points\/ligne (par d\u00e9faut), 512 points\/ligne ; Caract\u00e8res : Chinois simplifi\u00e9 24&#215;24 points, biblioth\u00e8que de polices 18030, support des polices traditionnelles de Taiwan et de Hong Kong, caract\u00e8res ANK ;<\/td>\n<\/tr>\n<tr>\n<td><strong>Police<\/strong><\/td>\n<td>A : 12*24 points, 1.5(l)*3.0(h)mm ; B : 9*17 points, 1.1(l)*2.1(h)mm Simplifi\u00e9\/Traditionnel : 24*24 points, 3.0(l)*3.0(h)mm<\/td>\n<\/tr>\n<tr>\n<td><strong>Type de code-barres<\/strong><\/td>\n<td>JUPC-A\/UPC-E\/JAN13(EAN13)\/JAN8(EAN8)\/CODABAR\/ITF\/CODE39\/CODE93\/CODE128, code QR<\/td>\n<\/tr>\n<tr>\n<td><strong>Vitesse d&#8217;impression<\/strong><\/td>\n<td>300mm\/sec<\/td>\n<\/tr>\n<tr>\n<td><strong>Interface<\/strong><\/td>\n<td>Wi-Fi + USB<\/td>\n<\/tr>\n<tr>\n<td><strong>Commande d&#8217;impression<\/strong><\/td>\n<td>Compatible avec les commandes ESC\/POS<\/td>\n<\/tr>\n<tr>\n<td><strong>Pilotes<\/strong><\/td>\n<td>Win9X\/ Window XP \/Win2000\/Win2003\/Win Vista\/ Win 7\/ Win 8\/Win10\/Linux, compatibles avec ESPON<\/td>\n<\/tr>\n<tr>\n<td><strong>Largeur d&#8217;impression<\/strong><\/td>\n<td>79.5\u00b10.5mm (largeur d&#8217;impression 72mm)<\/td>\n<\/tr>\n<tr>\n<td><strong>Diam\u00e8tre du papier<\/strong><\/td>\n<td>83mm<\/td>\n<\/tr>\n<tr>\n<td><strong>\u00c9paisseur du papier<\/strong><\/td>\n<td>0.06-0.08mm<\/td>\n<\/tr>\n<tr>\n<td><strong>Coupeur<\/strong><\/td>\n<td>Coupe automatique<\/td>\n<\/tr>\n<tr>\n<td><strong>Fid\u00e9lit\u00e9 d&#8217;impression<\/strong><\/td>\n<td>100 km<\/td>\n<\/tr>\n<tr>\n<td><strong>Alimentation<\/strong><\/td>\n<td>DC24V\/2.5A<\/td>\n<\/tr>\n<tr>\n<td><strong>Temp\u00e9rature<\/strong><\/td>\n<td>0-45 degr\u00e9s<\/td>\n<\/tr>\n<tr>\n<td><strong>Humidit\u00e9 relative<\/strong><\/td>\n<td>10-80%<\/td>\n<\/tr>\n<tr>\n<td><strong>Dimensions externes<\/strong><\/td>\n<td>190*145*145 mm<\/td>\n<\/tr>\n<tr>\n<td><strong>Poids<\/strong><\/td>\n<td>1.60 kg<\/td>\n<\/tr>\n<\/tbody>\n<\/table>\n<p>    <meta name=\"description\" content=\"Imprimante re\u00e7us CS808W - Qualit\u00e9 d'impression \u00e9lev\u00e9e, vitesse de 300mm\/sec, interface Wi-Fi + USB. Commandes ESC\/POS compatibles.\"><br \/>\n    <title>Imprimante CS808W Receipt Printer \/ Imprimante WIFI<\/title><\/p>\n","protected":false},"excerpt":{"rendered":"\n<p><strong>Haute qualit\u00e9 d&#8217;impression<\/strong> thermique avec une <strong>vitesse de 300mm\/sec<\/strong>. Interface <strong>Wi-Fi + USB<\/strong>. Commandes <strong>ESC\/POS<\/strong> compatibles.<\/p>\n","protected":false},"featured_media":3106,"comment_status":"open","ping_status":"closed","template":"","meta":{"_acf_changed":false},"product_brand":[],"product_cat":[65,79],"product_tag":[],"class_list":{"0":"post-3305","1":"product","2":"type-product","3":"status-publish","4":"has-post-thumbnail","6":"product_cat-hardware","7":"product_cat-printers","8":"product_shipping_class-printers","10":"entry","11":"has-media","13":"first","14":"instock","15":"taxable","16":"shipping-taxable","17":"purchasable","18":"product-type-simple","19":"has-product-nav","20":"col","21":"span_1_of_3","22":"owp-content-center","23":"owp-thumbs-layout-horizontal","24":"owp-btn-normal","25":"owp-tabs-layout-horizontal"},"acf":[],"_links":{"self":[{"href":"https:\/\/caresine.com\/caresine_new\/wp-json\/wp\/v2\/product\/3305","targetHints":{"allow":["GET"]}}],"collection":[{"href":"https:\/\/caresine.com\/caresine_new\/wp-json\/wp\/v2\/product"}],"about":[{"href":"https:\/\/caresine.com\/caresine_new\/wp-json\/wp\/v2\/types\/product"}],"replies":[{"embeddable":true,"href":"https:\/\/caresine.com\/caresine_new\/wp-json\/wp\/v2\/comments?post=3305"}],"version-history":[{"count":3,"href":"https:\/\/caresine.com\/caresine_new\/wp-json\/wp\/v2\/product\/3305\/revisions"}],"predecessor-version":[{"id":3716,"href":"https:\/\/caresine.com\/caresine_new\/wp-json\/wp\/v2\/product\/3305\/revisions\/3716"}],"wp:featuredmedia":[{"embeddable":true,"href":"https:\/\/caresine.com\/caresine_new\/wp-json\/wp\/v2\/media\/3106"}],"wp:attachment":[{"href":"https:\/\/caresine.com\/caresine_new\/wp-json\/wp\/v2\/media?parent=3305"}],"wp:term":[{"taxonomy":"product_brand","embeddable":true,"href":"https:\/\/caresine.com\/caresine_new\/wp-json\/wp\/v2\/product_brand?post=3305"},{"taxonomy":"product_cat","embeddable":true,"href":"https:\/\/caresine.com\/caresine_new\/wp-json\/wp\/v2\/product_cat?post=3305"},{"taxonomy":"product_tag","embeddable":true,"href":"https:\/\/caresine.com\/caresine_new\/wp-json\/wp\/v2\/product_tag?post=3305"}],"curies":[{"name":"wp","href":"https:\/\/api.w.org\/{rel}","templated":true}]}}