{"id":3268,"date":"2023-02-17T09:43:00","date_gmt":"2023-02-17T09:43:00","guid":{"rendered":"https:\/\/caresine.com\/caresine_new\/?post_type=product&#038;p=3268"},"modified":"2023-02-21T06:57:21","modified_gmt":"2023-02-21T06:57:21","slug":"cstp4-dual-screen","status":"publish","type":"product","link":"https:\/\/caresine.com\/caresine_new\/product\/cstp4-dual-screen\/","title":{"rendered":"POS CSTP4-dual Dual Screen POS system &#8211; Syst\u00e8me de point de vente \u00e0 double \u00e9cran"},"content":{"rendered":"<p>Color: Black<br \/>\nOperation System: Windows<br \/>\nMain Screen: 15.6 inch touch &#8211; resolution rate : 1366*768<br \/>\nSecond screen :15.6 inch<br \/>\nTouch Screen Type: Capacitive<br \/>\nMulti Point<br \/>\nCPU\uff1aJ1900<br \/>\nHard Disk: 64GB<br \/>\nMemory: 8GB<br \/>\nWith built-in speaker and wifi<\/p>\n","protected":false},"excerpt":{"rendered":"<blockquote>\n<p dir=\"ltr\" style=\"text-align: left;\">Color: Black<br \/>\nOperation System: Windows<br \/>\nMain Screen: 15.6 inch touch &#8211; resolution rate : 1366*768<br \/>\nSecond screen :15.6 inch<br \/>\nTouch Screen Type: Capacitive<br \/>\nMulti Point<br \/>\nCPU\uff1aJ1900<br \/>\nHard Disk: 64GB<br \/>\nMemory: 8GB<br \/>\nWith built-in speaker and wifi<\/p>\n<\/blockquote>\n","protected":false},"featured_media":3273,"comment_status":"open","ping_status":"closed","template":"","meta":{"_acf_changed":false},"product_brand":[],"product_cat":[65,80],"product_tag":[],"class_list":{"0":"post-3268","1":"product","2":"type-product","3":"status-publish","4":"has-post-thumbnail","6":"product_cat-hardware","7":"product_cat-pos","8":"product_shipping_class-pos","10":"entry","11":"has-media","13":"first","14":"instock","15":"taxable","16":"shipping-taxable","17":"purchasable","18":"product-type-simple","19":"has-product-nav","20":"col","21":"span_1_of_3","22":"owp-content-center","23":"owp-thumbs-layout-horizontal","24":"owp-btn-normal","25":"owp-tabs-layout-horizontal"},"acf":[],"_links":{"self":[{"href":"https:\/\/caresine.com\/caresine_new\/wp-json\/wp\/v2\/product\/3268","targetHints":{"allow":["GET"]}}],"collection":[{"href":"https:\/\/caresine.com\/caresine_new\/wp-json\/wp\/v2\/product"}],"about":[{"href":"https:\/\/caresine.com\/caresine_new\/wp-json\/wp\/v2\/types\/product"}],"replies":[{"embeddable":true,"href":"https:\/\/caresine.com\/caresine_new\/wp-json\/wp\/v2\/comments?post=3268"}],"version-history":[{"count":0,"href":"https:\/\/caresine.com\/caresine_new\/wp-json\/wp\/v2\/product\/3268\/revisions"}],"wp:featuredmedia":[{"embeddable":true,"href":"https:\/\/caresine.com\/caresine_new\/wp-json\/wp\/v2\/media\/3273"}],"wp:attachment":[{"href":"https:\/\/caresine.com\/caresine_new\/wp-json\/wp\/v2\/media?parent=3268"}],"wp:term":[{"taxonomy":"product_brand","embeddable":true,"href":"https:\/\/caresine.com\/caresine_new\/wp-json\/wp\/v2\/product_brand?post=3268"},{"taxonomy":"product_cat","embeddable":true,"href":"https:\/\/caresine.com\/caresine_new\/wp-json\/wp\/v2\/product_cat?post=3268"},{"taxonomy":"product_tag","embeddable":true,"href":"https:\/\/caresine.com\/caresine_new\/wp-json\/wp\/v2\/product_tag?post=3268"}],"curies":[{"name":"wp","href":"https:\/\/api.w.org\/{rel}","templated":true}]}}