{"id":3214,"date":"2023-02-17T04:27:23","date_gmt":"2023-02-17T04:27:23","guid":{"rendered":"https:\/\/caresine.com\/caresine_new\/?post_type=product&#038;p=3214"},"modified":"2023-08-16T14:23:27","modified_gmt":"2023-08-16T12:23:27","slug":"pos-cstm2-dual-screen","status":"publish","type":"product","link":"https:\/\/caresine.com\/caresine_new\/product\/pos-cstm2-dual-screen\/","title":{"rendered":"POS CSTM2 Dual Screen POS system &#8211; Syst\u00e8me de point de vente \u00e0 double \u00e9cran"},"content":{"rendered":"<p style=\"text-align: left;\">POS CSTM2 : Operation System: Windows<br \/>\nMain Screen: 15.6 inch touch<br \/>\nSecond screen: 11.6 inch<br \/>\nTouch Screen Type: Capacitive<br \/>\nMulti Point<br \/>\nCPU: J1900<br \/>\nHard Disk: 64GB<br \/>\nMemory: 8GB<br \/>\nwith build-in speaker and wifi<br \/>\nbuild-in printer 80mm<\/p>\n","protected":false},"excerpt":{"rendered":"<p style=\"text-align: left;\">POS CSTM2: Operation System: Windows<br \/>\nTouch Screen Type: Capacitive<br \/>\nMulti Point<br \/>\nHard Disk: 64GB<br \/>\nMemory: 8GB<br \/>\nwith build-in speaker and wifi<br \/>\nbuild-in printer 80mm<\/p>\n","protected":false},"featured_media":0,"comment_status":"open","ping_status":"closed","template":"","meta":{"_acf_changed":false},"product_brand":[],"product_cat":[65,80],"product_tag":[],"class_list":{"0":"post-3214","1":"product","2":"type-product","3":"status-publish","5":"product_cat-hardware","6":"product_cat-pos","8":"entry","10":"first","11":"instock","12":"taxable","13":"shipping-taxable","14":"purchasable","15":"product-type-simple","16":"has-product-nav","17":"col","18":"span_1_of_3","19":"owp-content-center","20":"owp-thumbs-layout-horizontal","21":"owp-btn-normal","22":"owp-tabs-layout-horizontal"},"acf":[],"_links":{"self":[{"href":"https:\/\/caresine.com\/caresine_new\/wp-json\/wp\/v2\/product\/3214","targetHints":{"allow":["GET"]}}],"collection":[{"href":"https:\/\/caresine.com\/caresine_new\/wp-json\/wp\/v2\/product"}],"about":[{"href":"https:\/\/caresine.com\/caresine_new\/wp-json\/wp\/v2\/types\/product"}],"replies":[{"embeddable":true,"href":"https:\/\/caresine.com\/caresine_new\/wp-json\/wp\/v2\/comments?post=3214"}],"version-history":[{"count":7,"href":"https:\/\/caresine.com\/caresine_new\/wp-json\/wp\/v2\/product\/3214\/revisions"}],"predecessor-version":[{"id":3600,"href":"https:\/\/caresine.com\/caresine_new\/wp-json\/wp\/v2\/product\/3214\/revisions\/3600"}],"wp:attachment":[{"href":"https:\/\/caresine.com\/caresine_new\/wp-json\/wp\/v2\/media?parent=3214"}],"wp:term":[{"taxonomy":"product_brand","embeddable":true,"href":"https:\/\/caresine.com\/caresine_new\/wp-json\/wp\/v2\/product_brand?post=3214"},{"taxonomy":"product_cat","embeddable":true,"href":"https:\/\/caresine.com\/caresine_new\/wp-json\/wp\/v2\/product_cat?post=3214"},{"taxonomy":"product_tag","embeddable":true,"href":"https:\/\/caresine.com\/caresine_new\/wp-json\/wp\/v2\/product_tag?post=3214"}],"curies":[{"name":"wp","href":"https:\/\/api.w.org\/{rel}","templated":true}]}}