{"id":3135,"date":"2022-11-15T21:36:54","date_gmt":"2022-11-15T21:36:54","guid":{"rendered":"https:\/\/caresine.com\/caresine_new\/?post_type=product&#038;p=3135"},"modified":"2024-08-22T17:09:24","modified_gmt":"2024-08-22T15:09:24","slug":"imprimante-csocbp-010-1","status":"publish","type":"product","link":"https:\/\/caresine.com\/caresine_new\/product\/imprimante-csocbp-010-1\/","title":{"rendered":"CSOCBP-010-1 Imprimante \/ Fast Printing"},"content":{"rendered":"<p>&nbsp;<\/p>\n<table dir=\"ltr\" style=\"border-collapse: collapse;\" width=\"100%\">\n<tbody>\n<tr>\n<td colspan=\"2\">\n<h1>High-Quality Ticket Printer | <strong>Imprimante<\/strong> de Re\u00e7u<\/h1>\n<\/td>\n<\/tr>\n<tr>\n<td colspan=\"2\">Discover the <strong>OCBP-010<\/strong> <a href=\"https:\/\/caresine.com\/caresine_new\/product-category\/hardware\/printers\/\" rel=\"noopener\" target=\"_blank\">Ticket Printer with high-quality thermal printing<\/a>. Imprimante de Re\u00e7u performante et abordable.<\/td>\n<\/tr>\n<tr>\n<td><strong>Sp\u00e9cifications :<\/strong><\/td>\n<td><strong>G\u00e9n\u00e9ralit\u00e9s<\/strong><\/p>\n<p>Mod\u00e8le OCBP-010<br \/>\nCouleur Blanc<br \/>\nInterface USB (Standard), USB+LAN, USB+BT, USB+LAN (En option)<br \/>\nDur\u00e9e de vie de la t\u00eate d&#8217;impression 50 km<br \/>\nAlimentation \u00e9lectrique Entr\u00e9e : AC 100V-240V, 50-60 Hz, Sortie : DC 24V\/2.5A<br \/>\nCode interne Prise en charge de 11 tailles de police<br \/>\nBruit m\u00e9canique Moins de 60 dB (A RMS pond\u00e9r\u00e9)<br \/>\nSyst\u00e8me d&#8217;exploitation compatible Win9X\/Win2000\/Win2003\/Win Vista\/Win 7\/Window XP\/win8\/win8.1\/Win 10\/IOS\/Android<br \/>\nNormes de s\u00e9curit\u00e9 CE, FCC, RoHS, CCC, etc.<\/td>\n<\/tr>\n<tr>\n<td><strong>Capacit\u00e9 d&#8217;impression<\/strong><\/td>\n<td><strong>M\u00e9thode d&#8217;impression<\/strong><\/p>\n<p>Thermique directe<br \/>\nR\u00e9solution 8 points\/mm (203 DPI)<br \/>\nVitesse d&#8217;impression 160 mm\/s<br \/>\nLargeur d&#8217;impression maximale 104 mm<br \/>\nCommande d&#8217;impression TSPL\/ESC\/POS<\/td>\n<\/tr>\n<tr>\n<td><strong>Code-barres et caract\u00e8res<\/strong><\/td>\n<td><strong>Code-barres<\/strong><\/p>\n<p>1D barcode: UPC-A \/ UPC-E \/ JAN13 (EAN13) \/ JAN8 (EAN8) \/ CODE39 \/ ITF \/ CODABAR \/ CODE93 \/ CODE128<br \/>\n2D barcode: QR Code, PDF417<br \/>\nPolice Police A: 12*24 (standard), police B: 9*17<\/td>\n<\/tr>\n<tr>\n<td><strong>Support<\/strong><\/td>\n<td><strong>Type de papier<\/strong><\/p>\n<p>Papier en continu, papier \u00e9tiquette, papier pli\u00e9, papier \u00e9tiquette<br \/>\nLargeur du papier 110 \u00b1 0.5 mm<br \/>\n\u00c9paisseur du support 0.06 ~ 0.3 mm<br \/>\nDiam\u00e8tre du rouleau de papier 110 mm max<\/td>\n<\/tr>\n<tr>\n<td><strong>Caract\u00e9ristiques physiques<\/strong><\/td>\n<td><strong>Dimensions<\/strong><\/p>\n<p>226 mm * 180 mm * 147 mm<\/p>\n<p><strong>Poids<\/strong><\/p>\n<p>Net: 1.65 kg, Brut: 1.95 kg<\/td>\n<\/tr>\n<tr>\n<td><strong>Environnement<\/strong><\/td>\n<td><strong>Temp\u00e9rature et humidit\u00e9 de travail<\/strong><\/p>\n<p>0<\/td>\n<\/tr>\n<\/tbody>\n<\/table>\n","protected":false},"excerpt":{"rendered":"<p>D\u00e9couvrez une <strong>impression thermique de haute qualit\u00e9<\/strong> avec notre imprimante de re\u00e7u <strong>avanc\u00e9e et abordable<\/strong>. Parfaite pour des besoins d&#8217;impression <strong>efficaces et fiables<\/strong>.<\/p>\n","protected":false},"featured_media":3136,"comment_status":"open","ping_status":"closed","template":"","meta":{"_acf_changed":false},"product_brand":[],"product_cat":[65,79],"product_tag":[],"class_list":{"0":"post-3135","1":"product","2":"type-product","3":"status-publish","4":"has-post-thumbnail","6":"product_cat-hardware","7":"product_cat-printers","8":"product_shipping_class-printers","10":"entry","11":"has-media","13":"first","14":"instock","15":"taxable","16":"shipping-taxable","17":"purchasable","18":"product-type-simple","19":"has-product-nav","20":"col","21":"span_1_of_3","22":"owp-content-center","23":"owp-thumbs-layout-horizontal","24":"owp-btn-normal","25":"owp-tabs-layout-horizontal"},"acf":[],"_links":{"self":[{"href":"https:\/\/caresine.com\/caresine_new\/wp-json\/wp\/v2\/product\/3135","targetHints":{"allow":["GET"]}}],"collection":[{"href":"https:\/\/caresine.com\/caresine_new\/wp-json\/wp\/v2\/product"}],"about":[{"href":"https:\/\/caresine.com\/caresine_new\/wp-json\/wp\/v2\/types\/product"}],"replies":[{"embeddable":true,"href":"https:\/\/caresine.com\/caresine_new\/wp-json\/wp\/v2\/comments?post=3135"}],"version-history":[{"count":4,"href":"https:\/\/caresine.com\/caresine_new\/wp-json\/wp\/v2\/product\/3135\/revisions"}],"predecessor-version":[{"id":3713,"href":"https:\/\/caresine.com\/caresine_new\/wp-json\/wp\/v2\/product\/3135\/revisions\/3713"}],"wp:featuredmedia":[{"embeddable":true,"href":"https:\/\/caresine.com\/caresine_new\/wp-json\/wp\/v2\/media\/3136"}],"wp:attachment":[{"href":"https:\/\/caresine.com\/caresine_new\/wp-json\/wp\/v2\/media?parent=3135"}],"wp:term":[{"taxonomy":"product_brand","embeddable":true,"href":"https:\/\/caresine.com\/caresine_new\/wp-json\/wp\/v2\/product_brand?post=3135"},{"taxonomy":"product_cat","embeddable":true,"href":"https:\/\/caresine.com\/caresine_new\/wp-json\/wp\/v2\/product_cat?post=3135"},{"taxonomy":"product_tag","embeddable":true,"href":"https:\/\/caresine.com\/caresine_new\/wp-json\/wp\/v2\/product_tag?post=3135"}],"curies":[{"name":"wp","href":"https:\/\/api.w.org\/{rel}","templated":true}]}}