{"id":3097,"date":"2022-11-08T19:56:57","date_gmt":"2022-11-08T19:56:57","guid":{"rendered":"https:\/\/caresine.com\/caresine_new\/?post_type=product&#038;p=3097"},"modified":"2023-08-28T10:27:04","modified_gmt":"2023-08-28T08:27:04","slug":"csa9ii","status":"publish","type":"product","link":"https:\/\/caresine.com\/caresine_new\/product\/csa9ii\/","title":{"rendered":"POS CSA9II Dual Screen POS system &#8211; Syst\u00e8me de point de vente \u00e0 double \u00e9cran"},"content":{"rendered":"<table class=\" alignleft\" dir=\"ltr\" width=\"60%\">\n<tbody>\n<tr>\n<td width=\"126\"><strong>Main Board<\/strong><\/td>\n<td width=\"256\">\u00a0Windows<\/td>\n<\/tr>\n<tr>\n<td width=\"126\"><strong>CPU<\/strong><\/td>\n<td width=\"256\">Baytrail J1900 QuadCore 2.0GHz (Optional:I3\/I5\uff09<\/td>\n<\/tr>\n<tr>\n<td width=\"126\"><strong>Chipset<\/strong><\/td>\n<td width=\"256\">Intel\u00a0Bay Trail-D<\/td>\n<\/tr>\n<tr>\n<td width=\"126\"><strong>OS Support<\/strong><\/td>\n<td width=\"256\">Windows 7\/10<\/td>\n<\/tr>\n<tr>\n<td width=\"126\"><strong>Display<\/strong><\/td>\n<td width=\"256\">15.6\u2033 LED<\/td>\n<\/tr>\n<tr>\n<td width=\"126\"><strong>Brightness<\/strong><\/td>\n<td width=\"256\">250 nits<\/td>\n<\/tr>\n<tr>\n<td width=\"126\"><strong>Resolution<\/strong><\/td>\n<td width=\"256\">1366*768 or 1920*1080P<\/td>\n<\/tr>\n<tr>\n<td width=\"126\"><strong>Touch<\/strong> <strong>Screen<\/strong><\/td>\n<td width=\"256\">Multi-point\u00a0Capacitive touch screen<\/td>\n<\/tr>\n<tr>\n<td width=\"126\"><strong>SSD<\/strong><\/td>\n<td width=\"256\">64G<\/td>\n<\/tr>\n<tr>\n<td width=\"126\"><strong>Memory<\/strong><\/td>\n<td width=\"256\">8G<\/td>\n<\/tr>\n<tr>\n<td width=\"126\"><strong>Serial<\/strong><\/td>\n<td width=\"256\">1\u00d7 COM<\/td>\n<\/tr>\n<tr>\n<td width=\"126\"><strong>USB<\/strong><\/td>\n<td width=\"256\">USB x 5 (4 in IO panel, 1 beside the power button)<\/td>\n<\/tr>\n<tr>\n<td width=\"126\"><strong>LAN<\/strong><\/td>\n<td width=\"256\">1 x RJ-45, Giga LAN<\/td>\n<\/tr>\n<tr>\n<td width=\"126\"><strong>VGA<\/strong><\/td>\n<td width=\"256\">1 x DB-15, Female<\/td>\n<\/tr>\n<tr>\n<td width=\"126\">\u00a0<strong>Wifi<\/strong><\/td>\n<td width=\"256\">Option<\/td>\n<\/tr>\n<tr>\n<td><strong>Optional<\/strong><\/td>\n<td width=\"256\">\n<p style=\"text-align: left;\">MSR,RFID,Fngerprint,2*20 VFD customer display,11.6 inch customer display<\/p>\n<\/td>\n<\/tr>\n<\/tbody>\n<\/table>\n","protected":false},"excerpt":{"rendered":"<p>Main Board \u00a0Windows CPU Baytrail J1900 QuadCore 2.0GHz (Optional:I3\/I5\uff09 Chipset Intel\u00a0Bay Trail-D OS Support Windows 7\/10 Display 15.6\u2033 LED Brightness 250 nits Resolution 1366*768 or 1920*1080P Touch Screen Multi-point\u00a0Capacitive touch screen SSD 64G Memory 8G Serial 1\u00d7 COM USB USB x 5 (4 in IO panel, 1 beside the power button) LAN 1 x RJ-45, [&hellip;]<\/p>\n","protected":false},"featured_media":3111,"comment_status":"open","ping_status":"closed","template":"","meta":{"_acf_changed":false},"product_brand":[],"product_cat":[65,80],"product_tag":[96,94,95],"class_list":{"0":"post-3097","1":"product","2":"type-product","3":"status-publish","4":"has-post-thumbnail","6":"product_cat-hardware","7":"product_cat-pos","8":"product_tag-csa9ii","9":"product_tag-pos","10":"product_tag-pos-csa9ii","11":"product_shipping_class-pos","13":"entry","14":"has-media","16":"first","17":"instock","18":"sale","19":"taxable","20":"shipping-taxable","21":"purchasable","22":"product-type-simple","23":"has-product-nav","24":"col","25":"span_1_of_3","26":"owp-content-center","27":"owp-thumbs-layout-horizontal","28":"owp-btn-normal","29":"owp-tabs-layout-horizontal"},"acf":[],"_links":{"self":[{"href":"https:\/\/caresine.com\/caresine_new\/wp-json\/wp\/v2\/product\/3097","targetHints":{"allow":["GET"]}}],"collection":[{"href":"https:\/\/caresine.com\/caresine_new\/wp-json\/wp\/v2\/product"}],"about":[{"href":"https:\/\/caresine.com\/caresine_new\/wp-json\/wp\/v2\/types\/product"}],"replies":[{"embeddable":true,"href":"https:\/\/caresine.com\/caresine_new\/wp-json\/wp\/v2\/comments?post=3097"}],"version-history":[{"count":4,"href":"https:\/\/caresine.com\/caresine_new\/wp-json\/wp\/v2\/product\/3097\/revisions"}],"predecessor-version":[{"id":3682,"href":"https:\/\/caresine.com\/caresine_new\/wp-json\/wp\/v2\/product\/3097\/revisions\/3682"}],"wp:featuredmedia":[{"embeddable":true,"href":"https:\/\/caresine.com\/caresine_new\/wp-json\/wp\/v2\/media\/3111"}],"wp:attachment":[{"href":"https:\/\/caresine.com\/caresine_new\/wp-json\/wp\/v2\/media?parent=3097"}],"wp:term":[{"taxonomy":"product_brand","embeddable":true,"href":"https:\/\/caresine.com\/caresine_new\/wp-json\/wp\/v2\/product_brand?post=3097"},{"taxonomy":"product_cat","embeddable":true,"href":"https:\/\/caresine.com\/caresine_new\/wp-json\/wp\/v2\/product_cat?post=3097"},{"taxonomy":"product_tag","embeddable":true,"href":"https:\/\/caresine.com\/caresine_new\/wp-json\/wp\/v2\/product_tag?post=3097"}],"curies":[{"name":"wp","href":"https:\/\/api.w.org\/{rel}","templated":true}]}}