{"id":2990,"date":"2022-09-19T21:49:01","date_gmt":"2022-09-19T21:49:01","guid":{"rendered":"https:\/\/caresine.com\/caresine_new\/?post_type=product&#038;p=2990"},"modified":"2024-08-22T17:09:25","modified_gmt":"2024-08-22T15:09:25","slug":"imprimante-cs80k-ticket-de-caisse-pas-cher","status":"publish","type":"product","link":"https:\/\/caresine.com\/caresine_new\/product\/imprimante-cs80k-ticket-de-caisse-pas-cher\/","title":{"rendered":"Imprimante CS80K &#8211; Ticket de Caisse Pas Cher"},"content":{"rendered":"<p><strong>Imprimante <\/strong>CS80K Thermal Printer Specifications <a href=\"https:\/\/caresine.com\/caresine_new\/product-category\/hardware\/printers\/\" target=\"_blank\" rel=\"noopener\">Imprimante<\/a> CS80K &#8211; USB+RS232+LAN \/ Ticket de Caisse Pas Cher.<\/p>\n<p>&nbsp;<\/p>\n<table>\n<tbody>\n<tr>\n<td colspan=\"2\" bgcolor=\"#00FFFF\"><strong>General<\/strong><\/td>\n<td colspan=\"2\" bgcolor=\"#00FFFF\"><\/td>\n<\/tr>\n<tr>\n<td><strong>Name<\/strong><\/td>\n<td>80mm desktop thermal printer with auto cutter<\/td>\n<td><strong>Color<\/strong><\/td>\n<td>Black<\/td>\n<\/tr>\n<tr>\n<td><strong>Interface<\/strong><\/td>\n<td>USB\/ USB+Lan\/ USB+BT\/ USB +WiFi\/ URL+ WIFI\/ URL+BT\/ USB+RS232<\/td>\n<td><strong>Cash drawer<\/strong><\/td>\n<td>DC 24V\/1A<\/td>\n<\/tr>\n<tr>\n<td><strong>Power supply<\/strong><\/td>\n<td>Input\uff1aAC 100V-240V, 50-60Hz, Output\uff1aDC 24V\/ 2.5A<\/td>\n<td><strong>Printer head lifespan<\/strong><\/td>\n<td>150KM<\/td>\n<\/tr>\n<tr>\n<td><strong>Graphics printing<\/strong><\/td>\n<td>Supports bitmap download and print (each bitmap size Max.20K)<\/td>\n<td><strong>Cutter<\/strong><\/td>\n<td>Auto cutter<\/td>\n<\/tr>\n<tr>\n<td><strong>Sensors<\/strong><\/td>\n<td>Paper out, cover open, cutter jam, paper jam and black mark detection (Optional)<\/td>\n<td><strong>Buffer<\/strong><\/td>\n<td>Input buffer256K, NV Flash 256K<\/td>\n<\/tr>\n<tr>\n<td><strong>Accessories<\/strong><\/td>\n<td>Data cable, power adaptor, power cord, paper roller, CD, manual, Paper separator (optional)<\/td>\n<td><strong>Safety standards<\/strong><\/td>\n<td>CE, FCC, Rohs etc<\/td>\n<\/tr>\n<tr>\n<td><strong>OS supporting<\/strong><\/td>\n<td>Compatible with iOS\/ Android\/ Windows<\/td>\n<td><\/td>\n<td><\/td>\n<\/tr>\n<tr>\n<td colspan=\"2\" bgcolor=\"#00FFFF\"><strong>Printing capability<\/strong><\/td>\n<td colspan=\"2\" bgcolor=\"#00FFFF\"><\/td>\n<\/tr>\n<tr>\n<td><strong>Resoluiton<\/strong><\/td>\n<td>576 Dots \/ Line or 512 Dots\/ Line (8dots \/mm, 203dpi)<\/td>\n<td><strong>Printing method<\/strong><\/td>\n<td>Direct thermal line<\/td>\n<\/tr>\n<tr>\n<td><strong>Printing speed<\/strong><\/td>\n<td>200mm\/s (U\/ UR) 260mm\/s (UL\/ U+BT\/ U+ WIFI) 300mm\/s (URL\/ URL+ BT\/ URL+WIFI)<\/td>\n<td><strong>Print width<\/strong><\/td>\n<td>72mm<\/td>\n<\/tr>\n<tr>\n<td><strong>Graphics printing<\/strong><\/td>\n<td>Supports bitmap download and print<\/td>\n<td><strong>Printing Command<\/strong><\/td>\n<td>Compatible with ESC\/POS<\/td>\n<\/tr>\n<tr>\n<td colspan=\"2\" bgcolor=\"#00FFFF\"><strong>Barcode and character<\/strong><\/td>\n<td colspan=\"2\" bgcolor=\"#00FFFF\"><\/td>\n<\/tr>\n<tr>\n<td><strong>Barcode<\/strong><\/td>\n<td>1D barcode: UPC-A\/ UPC-E\/ JAN13(EAN13)\/ JAN8(EAN8)\/ CODE39\/ ITF\/ CODABAR\/ CODE93\/ CODE128<br \/>\n2D barcode: QR CODE (Single USB or UR solution, no QR code function)<\/td>\n<td><strong>Japanese\/ Korea<\/strong><\/td>\n<td>optional<\/td>\n<\/tr>\n<tr>\n<td><strong>Character size<\/strong><\/td>\n<td>384dots\/ line, ANK character, Font: A: 12 * 24dots, 1.5(W) * 3.0(H) mm<br \/>\nFontB: 9*17dots, 1.1(W) * 2.1 (H)mm<br \/>\nSimplified\/ Traditional: 24*24dots, 3.0(W) * 3.0(H)mm<\/td>\n<td><strong>Character<\/strong><\/td>\n<td>Standard GB18030 simplified \/ traditional Chinese Fonts<\/td>\n<\/tr>\n<tr>\n<td><strong>User-defined language<\/strong><\/td>\n<td>PC437 \/ Katakana \/ PC850 \/ PC860 \/ PC863 \/ PC865 \/ WestEurope \/ Greek \/ Hebrew \/ EastEurope \/ Iran \/ WPC1252 \/ PC866 \/ PC852 \/ PC858 \/ IranII \/ Latvian \/ Arabic \/ PT151, 1251 \/ PC737 \/ WPC \/ 1257 \/ ThaiVietnam \/ PC864 \/ PC1001 \/ (Latvian) \/ (PC1001) \/ (PT151, 1251) \/ (WPC1257) \/ (PC864) \/ (Vietnam) \/ (Thai)<\/td>\n<td><\/td>\n<td><\/td>\n<\/tr>\n<tr>\n<td colspan=\"2\" bgcolor=\"#00FFFF\"><strong>Media<\/strong><\/td>\n<td colspan=\"2\" bgcolor=\"#00FFFF\"><\/td>\n<\/tr>\n<tr>\n<td><strong>Paper type<\/strong><\/td>\n<td>Thermal roll paper<\/td>\n<td><strong>Paper Thickness<\/strong><\/td>\n<td>0.06~0.08mm<\/td>\n<\/tr>\n<tr>\n<td><strong>Paper width<\/strong><\/td>\n<td>48mm\/ 52mm\/ 56mm\/ 64mm\/ 68mm\/ 76mm\/ 80mm<\/td>\n<td><strong>Paper roll diameter<\/strong><\/td>\n<td>83mm Max<\/td>\n<\/tr>\n<tr>\n<td><strong>Paper separator<\/strong><\/td>\n<td>Optional<\/td>\n<td><\/td>\n<td><\/td>\n<\/tr>\n<tr>\n<td colspan=\"2\" bgcolor=\"#00FFFF\"><strong>Physical<\/strong><\/td>\n<td colspan=\"2\" bgcolor=\"#00FFFF\"><\/td>\n<\/tr>\n<tr>\n<td><strong>Dimension<\/strong><\/td>\n<td>196*145*135mm<\/td>\n<td><strong>Weight<\/strong><\/td>\n<td>1.65kg<\/td>\n<\/tr>\n<tr>\n<td><strong>Package box<\/strong><\/td>\n<td>300*190*180 mm<\/td>\n<td><strong>12 in 1 carton<\/strong><\/td>\n<td>615*370*535mm\/21.5kg<\/td>\n<\/tr>\n<tr>\n<td colspan=\"2\" bgcolor=\"#00FFFF\"><strong>Environment<\/strong><\/td>\n<td colspan=\"2\" bgcolor=\"#00FFFF\"><\/td>\n<\/tr>\n<tr>\n<td><strong>Working temperature &amp; humidity<\/strong><\/td>\n<td>0 to 45 degrees centigrade, 10%~80% No condensation<\/td>\n<td><strong>Storage temperature &amp; humidity<\/strong><\/td>\n<td>-20 to 60 degrees centigrade, 10%~90% No condensation<\/td>\n<\/tr>\n<\/tbody>\n<\/table>\n<p>&nbsp;<\/p>\n","protected":false},"excerpt":{"rendered":"<p><strong>L&#8217;imprimante<\/strong> thermique CS80K est une solution polyvalente de 80 mm avec des fonctionnalit\u00e9s avanc\u00e9es telles qu&#8217;une d\u00e9coupe automatique et une haute vitesse d&#8217;impression. Ses interfaces USB, RS232 et LAN assurent une connectivit\u00e9 fluide. Parfaite pour les re\u00e7us, les tickets, et bien plus, elle prend en charge diff\u00e9rents codes-barres et tailles de caract\u00e8res. Ses performances fiables et son design compact en font un atout pr\u00e9cieux pour les entreprises.<\/p>\n","protected":false},"featured_media":3070,"comment_status":"open","ping_status":"closed","template":"","meta":{"_acf_changed":false},"product_brand":[],"product_cat":[65,79],"product_tag":[],"class_list":{"0":"post-2990","1":"product","2":"type-product","3":"status-publish","4":"has-post-thumbnail","6":"product_cat-hardware","7":"product_cat-printers","8":"product_shipping_class-printers","10":"entry","11":"has-media","13":"first","14":"instock","15":"taxable","16":"shipping-taxable","17":"purchasable","18":"product-type-simple","19":"has-product-nav","20":"col","21":"span_1_of_3","22":"owp-content-center","23":"owp-thumbs-layout-horizontal","24":"owp-btn-normal","25":"owp-tabs-layout-horizontal"},"acf":[],"_links":{"self":[{"href":"https:\/\/caresine.com\/caresine_new\/wp-json\/wp\/v2\/product\/2990","targetHints":{"allow":["GET"]}}],"collection":[{"href":"https:\/\/caresine.com\/caresine_new\/wp-json\/wp\/v2\/product"}],"about":[{"href":"https:\/\/caresine.com\/caresine_new\/wp-json\/wp\/v2\/types\/product"}],"replies":[{"embeddable":true,"href":"https:\/\/caresine.com\/caresine_new\/wp-json\/wp\/v2\/comments?post=2990"}],"version-history":[{"count":10,"href":"https:\/\/caresine.com\/caresine_new\/wp-json\/wp\/v2\/product\/2990\/revisions"}],"predecessor-version":[{"id":3725,"href":"https:\/\/caresine.com\/caresine_new\/wp-json\/wp\/v2\/product\/2990\/revisions\/3725"}],"wp:featuredmedia":[{"embeddable":true,"href":"https:\/\/caresine.com\/caresine_new\/wp-json\/wp\/v2\/media\/3070"}],"wp:attachment":[{"href":"https:\/\/caresine.com\/caresine_new\/wp-json\/wp\/v2\/media?parent=2990"}],"wp:term":[{"taxonomy":"product_brand","embeddable":true,"href":"https:\/\/caresine.com\/caresine_new\/wp-json\/wp\/v2\/product_brand?post=2990"},{"taxonomy":"product_cat","embeddable":true,"href":"https:\/\/caresine.com\/caresine_new\/wp-json\/wp\/v2\/product_cat?post=2990"},{"taxonomy":"product_tag","embeddable":true,"href":"https:\/\/caresine.com\/caresine_new\/wp-json\/wp\/v2\/product_tag?post=2990"}],"curies":[{"name":"wp","href":"https:\/\/api.w.org\/{rel}","templated":true}]}}