{"id":2806,"date":"2022-09-12T22:37:39","date_gmt":"2022-09-12T22:37:39","guid":{"rendered":"https:\/\/caresine.com\/caresine_new\/?post_type=product&#038;p=2806"},"modified":"2024-08-22T17:09:24","modified_gmt":"2024-08-22T15:09:24","slug":"borne-de-commande-tactile-cskiosk1","status":"publish","type":"product","link":"https:\/\/caresine.com\/caresine_new\/product\/borne-de-commande-tactile-cskiosk1\/","title":{"rendered":"CSKIOSK1: Borne de Commande \u00e0 \u00c9cran Tactile"},"content":{"rendered":"<h1>CSKIOSK1 &#8211; <a href=\"https:\/\/caresine.com\/caresine_new\/product-category\/hardware\/kiosk-borne-de-commande-self-ordering\/\" target=\"_blank\" rel=\"noopener\">Borne de commande<\/a> \u00e0 \u00e9cran tactile<\/h1>\n<p>Explorez les param\u00e8tres techniques et les sp\u00e9cifications du CSKIOSK1, une borne de commande \u00e0 \u00e9cran tactile polyvalente.<\/p>\n<p>Param\u00e8tres techniques :<\/p>\n<p>Affichage<\/p>\n<ul>\n<li>Type d&#8217;affichage : TFT-LCD\/LED<\/li>\n<li>Taille du panneau : 32 pouces<\/li>\n<li>Ratio d&#8217;affichage : 16:9 LED<\/li>\n<li>Zone active :\n<ul>\n<li>521,28\u00d7293,22 mm<\/li>\n<li>597,6\u00d7336,15 mm<\/li>\n<li>697,68\u00d7392,25 mm<\/li>\n<\/ul>\n<\/li>\n<li>R\u00e9solution : 1920*1080<\/li>\n<li>Luminosit\u00e9 : 350 cd\/\u33a1<\/li>\n<li>Rapport de contraste : 1000:1<\/li>\n<li>Couleurs : 16,7 millions (8 bits)<\/li>\n<li>Temps de r\u00e9ponse : 5(GtoG), 8(MPRT) ms<\/li>\n<li>Pas de pixel : 0,1615\u00d70,4845 mm<\/li>\n<li>Angle de vision : 89\/89\/89\/89<\/li>\n<\/ul>\n<p>PC<\/p>\n<ul>\n<li>Processeur : Intel Celeron 1037U (1,8 GHz), options i3, i5, i7 et Android<\/li>\n<li>RAM : DDR III \/ 1333 \/ 4 Go<\/li>\n<li>Disque dur : SSD 60 Go<\/li>\n<li>Chipset : 1037U+HM70<\/li>\n<li>Syst\u00e8me d&#8217;exploitation : Windows 7\/10\/XP\/Linux\/autres&#8230;<\/li>\n<li>WiFi : Wifi int\u00e9gr\u00e9 150 Mbps 802.11n<\/li>\n<li>Graphiques : Graphique HD int\u00e9gr\u00e9<\/li>\n<li>Audio : Realtek ALC662 HD, ports de sortie de ligne, entr\u00e9e micro<\/li>\n<\/ul>\n<p>\u00c9cran tactile (multipoints)<\/p>\n<ul>\n<li>M\u00e9thode de d\u00e9tection : Multipoints, \u00e9cran tactile capacitif 10 points<\/li>\n<li>Pr\u00e9cision de position : Environ 3 mm en absolu, 1 mm en relatif<\/li>\n<\/ul>\n<p><!-- Les param\u00e8tres techniques additionnels vont ici --><\/p>\n<p>Bo\u00eetier en m\u00e9tal<\/p>\n<ul>\n<li>Mat\u00e9riau : Acier\/m\u00e9tal et verre tremp\u00e9<\/li>\n<li>Surface : Bo\u00eetier m\u00e9tallique avec rev\u00eatement en poudre ; verre tremp\u00e9 pour prot\u00e9ger le panneau LCD<\/li>\n<\/ul>\n<p><!-- Les param\u00e8tres techniques additionnels vont ici --><\/p>\n<p>Ceci n&#8217;est qu&#8217;une partie des param\u00e8tres techniques et des sp\u00e9cifications du CSKIOSK1.<\/p>\n","protected":false},"excerpt":{"rendered":"<p>CSKIOSK1 &#8211; Selfordering kiosk touch screen &#8211; Borne de commande \u00e0 \u00e9cran tactile<\/p>\n","protected":false},"featured_media":2475,"comment_status":"open","ping_status":"closed","template":"","meta":{"_acf_changed":false},"product_brand":[],"product_cat":[65,69],"product_tag":[],"class_list":{"0":"post-2806","1":"product","2":"type-product","3":"status-publish","4":"has-post-thumbnail","6":"product_cat-hardware","7":"product_cat-kiosk-borne-de-commande-self-ordering","8":"product_shipping_class-kiosk","10":"entry","11":"has-media","13":"first","14":"instock","15":"sale","16":"taxable","17":"shipping-taxable","18":"purchasable","19":"product-type-simple","20":"has-product-nav","21":"col","22":"span_1_of_3","23":"owp-content-center","24":"owp-thumbs-layout-horizontal","25":"owp-btn-normal","26":"owp-tabs-layout-horizontal"},"acf":[],"_links":{"self":[{"href":"https:\/\/caresine.com\/caresine_new\/wp-json\/wp\/v2\/product\/2806","targetHints":{"allow":["GET"]}}],"collection":[{"href":"https:\/\/caresine.com\/caresine_new\/wp-json\/wp\/v2\/product"}],"about":[{"href":"https:\/\/caresine.com\/caresine_new\/wp-json\/wp\/v2\/types\/product"}],"replies":[{"embeddable":true,"href":"https:\/\/caresine.com\/caresine_new\/wp-json\/wp\/v2\/comments?post=2806"}],"version-history":[{"count":11,"href":"https:\/\/caresine.com\/caresine_new\/wp-json\/wp\/v2\/product\/2806\/revisions"}],"predecessor-version":[{"id":3683,"href":"https:\/\/caresine.com\/caresine_new\/wp-json\/wp\/v2\/product\/2806\/revisions\/3683"}],"wp:featuredmedia":[{"embeddable":true,"href":"https:\/\/caresine.com\/caresine_new\/wp-json\/wp\/v2\/media\/2475"}],"wp:attachment":[{"href":"https:\/\/caresine.com\/caresine_new\/wp-json\/wp\/v2\/media?parent=2806"}],"wp:term":[{"taxonomy":"product_brand","embeddable":true,"href":"https:\/\/caresine.com\/caresine_new\/wp-json\/wp\/v2\/product_brand?post=2806"},{"taxonomy":"product_cat","embeddable":true,"href":"https:\/\/caresine.com\/caresine_new\/wp-json\/wp\/v2\/product_cat?post=2806"},{"taxonomy":"product_tag","embeddable":true,"href":"https:\/\/caresine.com\/caresine_new\/wp-json\/wp\/v2\/product_tag?post=2806"}],"curies":[{"name":"wp","href":"https:\/\/api.w.org\/{rel}","templated":true}]}}