{"id":2711,"date":"2022-09-11T22:17:35","date_gmt":"2022-09-11T22:17:35","guid":{"rendered":"https:\/\/caresine.com\/caresine_new\/?post_type=product&#038;p=2711"},"modified":"2023-02-21T06:45:54","modified_gmt":"2023-02-21T06:45:54","slug":"cstp5","status":"publish","type":"product","link":"https:\/\/caresine.com\/caresine_new\/product\/cstp5\/","title":{"rendered":"POS CSTP5 Dual Screen POS system &#8211; Syst\u00e8me de point de vente \u00e0 double \u00e9cran"},"content":{"rendered":"<table style=\"height: 751px;\" width=\"803\">\n<tbody>\n<tr>\n<td style=\"text-align: left;\" colspan=\"2\" align=\"left\" bgcolor=\"#00FFFF\" height=\"7\"><strong>Specification<\/strong>(Windows)<\/td>\n<td style=\"text-align: center;\" colspan=\"2\" align=\"left\" bgcolor=\"#00FFFF\" height=\"7\"><strong>I\/O Ports<\/strong><\/td>\n<\/tr>\n<tr>\n<td align=\"right\" width=\"121\"><strong>Processor<\/strong><\/td>\n<td width=\"337\">IIntel J1900<\/td>\n<td style=\"text-align: right;\" align=\"right\" width=\"185\" height=\"6\"><strong>RJ45 Port<\/strong><\/td>\n<td width=\"140\" height=\"6\">1<\/td>\n<\/tr>\n<tr>\n<td align=\"right\"><strong>System Memory<\/strong><\/td>\n<td>DDR3 8GB<\/td>\n<td style=\"text-align: right;\" align=\"right\" width=\"185\" height=\"6\"><strong>USB Ports<\/strong><\/td>\n<td width=\"140\" height=\"6\">4<\/td>\n<\/tr>\n<tr>\n<td align=\"right\" height=\"6\"><strong>Storage Device<\/strong><\/td>\n<td height=\"6\">SSD 64GB<\/td>\n<td style=\"text-align: right;\" align=\"right\" height=\"6\"><strong>Audio<\/strong><\/td>\n<td height=\"6\">Line-out x 1, Mic-in x 1<\/td>\n<\/tr>\n<tr>\n<td align=\"right\" height=\"6\"><strong>OS support<\/strong><\/td>\n<td height=\"6\">Windows<\/td>\n<td style=\"text-align: right;\" align=\"right\" height=\"6\"><strong>Display Port<\/strong><\/td>\n<td height=\"6\">VGA x 1<\/td>\n<\/tr>\n<tr>\n<td style=\"text-align: left;\" colspan=\"2\" align=\"left\" bgcolor=\"#00FFFF\"><strong>Display &amp; Touch<\/strong><\/td>\n<td style=\"text-align: right;\" align=\"right\" height=\"6\"><strong>HDMI<\/strong><\/td>\n<td height=\"6\">1<\/td>\n<\/tr>\n<tr>\n<td align=\"right\"><strong>Display<\/strong><\/td>\n<td width=\"337\">15.6 inch touch<\/td>\n<td style=\"text-align: right;\" align=\"right\" height=\"6\"><strong>Serial Port<\/strong><\/td>\n<td height=\"6\">2<\/td>\n<\/tr>\n<tr>\n<td align=\"right\"><strong>Resolution<\/strong><\/td>\n<td>1024 x 768<\/td>\n<td align=\"right\" height=\"6\"><\/td>\n<td height=\"6\"><\/td>\n<\/tr>\n<tr>\n<td align=\"right\"><strong>Touch<\/strong><\/td>\n<td>capacitif touch with multi-touch function<\/td>\n<td align=\"right\" height=\"6\"><\/td>\n<td height=\"6\"><\/td>\n<\/tr>\n<tr>\n<td align=\"right\"><strong>2nd display<\/strong><\/td>\n<td width=\"337\">11.6 inch<\/td>\n<td align=\"right\" height=\"6\"><\/td>\n<td height=\"6\"><\/td>\n<\/tr>\n<tr>\n<td style=\"text-align: left;\" colspan=\"2\" align=\"left\" bgcolor=\"#00FFFF\" height=\"7\"><strong>Built-in Options<\/strong><\/td>\n<td style=\"text-align: center;\" colspan=\"2\" align=\"left\" bgcolor=\"#00FFFF\" height=\"7\"><strong>Environmental<\/strong><\/td>\n<\/tr>\n<tr>\n<td align=\"right\" height=\"6\"><strong>WiFi<\/strong><\/td>\n<td height=\"6\">Yes<\/td>\n<td style=\"text-align: right;\" align=\"right\" height=\"6\"><strong>Dimension (W x D x H in mm)<\/strong><\/td>\n<td width=\"140\" height=\"6\">425*340*420<\/td>\n<\/tr>\n<tr>\n<td align=\"right\" height=\"6\"><strong>Speakers<\/strong><\/td>\n<td height=\"6\">Yes<\/td>\n<td style=\"text-align: right;\" align=\"right\" height=\"6\"><strong>Weight<\/strong><\/td>\n<td width=\"140\" height=\"6\">5.2kg<\/td>\n<\/tr>\n<\/tbody>\n<\/table>\n","protected":false},"excerpt":{"rendered":"<p>Specification(Windows) I\/O Ports Processor IIntel J1900 RJ45 Port 1 System Memory DDR3 8GB USB Ports 4 Storage Device SSD 64GB Audio Line-out x 1, Mic-in x 1 OS support Windows Display Port VGA x 1 Display &amp; Touch HDMI 1 Display 15.6 inch touch Serial Port 2 Resolution 1024 x 768 Touch capacitif touch with [&hellip;]<\/p>\n","protected":false},"featured_media":2961,"comment_status":"open","ping_status":"closed","template":"","meta":{"_acf_changed":false},"product_brand":[],"product_cat":[65,80],"product_tag":[],"class_list":{"0":"post-2711","1":"product","2":"type-product","3":"status-publish","4":"has-post-thumbnail","6":"product_cat-hardware","7":"product_cat-pos","8":"product_shipping_class-pos","10":"entry","11":"has-media","13":"first","14":"instock","15":"sale","16":"taxable","17":"shipping-taxable","18":"purchasable","19":"product-type-simple","20":"has-product-nav","21":"col","22":"span_1_of_3","23":"owp-content-center","24":"owp-thumbs-layout-horizontal","25":"owp-btn-normal","26":"owp-tabs-layout-horizontal"},"acf":[],"_links":{"self":[{"href":"https:\/\/caresine.com\/caresine_new\/wp-json\/wp\/v2\/product\/2711","targetHints":{"allow":["GET"]}}],"collection":[{"href":"https:\/\/caresine.com\/caresine_new\/wp-json\/wp\/v2\/product"}],"about":[{"href":"https:\/\/caresine.com\/caresine_new\/wp-json\/wp\/v2\/types\/product"}],"replies":[{"embeddable":true,"href":"https:\/\/caresine.com\/caresine_new\/wp-json\/wp\/v2\/comments?post=2711"}],"version-history":[{"count":1,"href":"https:\/\/caresine.com\/caresine_new\/wp-json\/wp\/v2\/product\/2711\/revisions"}],"predecessor-version":[{"id":3127,"href":"https:\/\/caresine.com\/caresine_new\/wp-json\/wp\/v2\/product\/2711\/revisions\/3127"}],"wp:featuredmedia":[{"embeddable":true,"href":"https:\/\/caresine.com\/caresine_new\/wp-json\/wp\/v2\/media\/2961"}],"wp:attachment":[{"href":"https:\/\/caresine.com\/caresine_new\/wp-json\/wp\/v2\/media?parent=2711"}],"wp:term":[{"taxonomy":"product_brand","embeddable":true,"href":"https:\/\/caresine.com\/caresine_new\/wp-json\/wp\/v2\/product_brand?post=2711"},{"taxonomy":"product_cat","embeddable":true,"href":"https:\/\/caresine.com\/caresine_new\/wp-json\/wp\/v2\/product_cat?post=2711"},{"taxonomy":"product_tag","embeddable":true,"href":"https:\/\/caresine.com\/caresine_new\/wp-json\/wp\/v2\/product_tag?post=2711"}],"curies":[{"name":"wp","href":"https:\/\/api.w.org\/{rel}","templated":true}]}}