{"id":823,"date":"2018-12-06T23:20:10","date_gmt":"2018-12-06T23:20:10","guid":{"rendered":"https:\/\/caresine.com\/caresine_new\/?page_id=823"},"modified":"2023-07-16T19:21:12","modified_gmt":"2023-07-16T17:21:12","slug":"agenda-en-ligne","status":"publish","type":"page","link":"https:\/\/caresine.com\/caresine_new\/agenda-en-ligne\/","title":{"rendered":"Agenda en ligne"},"content":{"rendered":"\t\t<div data-elementor-type=\"wp-post\" data-elementor-id=\"823\" class=\"elementor elementor-823\">\n\t\t\t\t\t\t<section class=\"elementor-section elementor-top-section elementor-element elementor-element-e8678a1 elementor-section-boxed elementor-section-height-default elementor-section-height-default\" data-id=\"e8678a1\" data-element_type=\"section\" data-e-type=\"section\">\n\t\t\t\t\t\t<div class=\"elementor-container elementor-column-gap-default\">\n\t\t\t\t\t<div class=\"elementor-column elementor-col-100 elementor-top-column elementor-element elementor-element-b885b0b\" data-id=\"b885b0b\" data-element_type=\"column\" data-e-type=\"column\">\n\t\t\t<div class=\"elementor-widget-wrap elementor-element-populated\">\n\t\t\t\t\t\t<div class=\"elementor-element elementor-element-e86d177 elementor-widget elementor-widget-heading\" data-id=\"e86d177\" data-element_type=\"widget\" data-e-type=\"widget\" data-widget_type=\"heading.default\">\n\t\t\t\t<div class=\"elementor-widget-container\">\n\t\t\t\t\t<h1 class=\"elementor-heading-title elementor-size-default\">CareSine Agenda On-Line\n<\/h1>\t\t\t\t<\/div>\n\t\t\t\t<\/div>\n\t\t\t\t<div class=\"elementor-element elementor-element-e82dc37 elementor-widget-divider--view-line elementor-widget elementor-widget-divider\" data-id=\"e82dc37\" data-element_type=\"widget\" data-e-type=\"widget\" data-widget_type=\"divider.default\">\n\t\t\t\t<div class=\"elementor-widget-container\">\n\t\t\t\t\t\t\t<div class=\"elementor-divider\">\n\t\t\t<span class=\"elementor-divider-separator\">\n\t\t\t\t\t\t<\/span>\n\t\t<\/div>\n\t\t\t\t\t\t<\/div>\n\t\t\t\t<\/div>\n\t\t\t\t\t<\/div>\n\t\t<\/div>\n\t\t\t\t\t<\/div>\n\t\t<\/section>\n\t\t\t\t<section class=\"elementor-section elementor-top-section elementor-element elementor-element-bf04148 elementor-section-stretched elementor-section-full_width elementor-section-height-default elementor-section-height-default\" data-id=\"bf04148\" data-element_type=\"section\" data-e-type=\"section\" data-settings=\"{&quot;stretch_section&quot;:&quot;section-stretched&quot;}\">\n\t\t\t\t\t\t<div class=\"elementor-container elementor-column-gap-no\">\n\t\t\t\t\t<div class=\"elementor-column elementor-col-100 elementor-top-column elementor-element elementor-element-937a461\" data-id=\"937a461\" data-element_type=\"column\" data-e-type=\"column\">\n\t\t\t<div class=\"elementor-widget-wrap elementor-element-populated\">\n\t\t\t\t\t\t<div class=\"elementor-element elementor-element-af90390 elementor-widget elementor-widget-image\" data-id=\"af90390\" data-element_type=\"widget\" data-e-type=\"widget\" data-widget_type=\"image.default\">\n\t\t\t\t<div class=\"elementor-widget-container\">\n\t\t\t\t\t\t\t\t\t\t\t\t\t\t\t<img fetchpriority=\"high\" decoding=\"async\" width=\"600\" height=\"350\" src=\"https:\/\/caresine.com\/caresine_new\/wp-content\/uploads\/2018\/12\/img17d899.png\" class=\"attachment-large size-large wp-image-546\" alt=\"services4\" srcset=\"https:\/\/caresine.com\/caresine_new\/wp-content\/uploads\/2018\/12\/img17d899.png 600w, https:\/\/caresine.com\/caresine_new\/wp-content\/uploads\/2018\/12\/img17d899-300x175.png 300w\" sizes=\"(max-width: 600px) 100vw, 600px\" \/>\t\t\t\t\t\t\t\t\t\t\t\t\t\t\t<\/div>\n\t\t\t\t<\/div>\n\t\t\t\t\t<\/div>\n\t\t<\/div>\n\t\t\t\t\t<\/div>\n\t\t<\/section>\n\t\t\t\t<section class=\"elementor-section elementor-top-section elementor-element elementor-element-8d26312 elementor-section-boxed elementor-section-height-default elementor-section-height-default\" data-id=\"8d26312\" data-element_type=\"section\" data-e-type=\"section\">\n\t\t\t\t\t\t<div class=\"elementor-container elementor-column-gap-default\">\n\t\t\t\t\t<div class=\"elementor-column elementor-col-100 elementor-top-column elementor-element elementor-element-29aa590\" data-id=\"29aa590\" data-element_type=\"column\" data-e-type=\"column\">\n\t\t\t<div class=\"elementor-widget-wrap elementor-element-populated\">\n\t\t\t\t\t\t<div class=\"elementor-element elementor-element-67824b8 elementor-widget elementor-widget-spacer\" data-id=\"67824b8\" data-element_type=\"widget\" data-e-type=\"widget\" data-widget_type=\"spacer.default\">\n\t\t\t\t<div class=\"elementor-widget-container\">\n\t\t\t\t\t\t\t<div class=\"elementor-spacer\">\n\t\t\t<div class=\"elementor-spacer-inner\"><\/div>\n\t\t<\/div>\n\t\t\t\t\t\t<\/div>\n\t\t\t\t<\/div>\n\t\t\t\t\t<\/div>\n\t\t<\/div>\n\t\t\t\t\t<\/div>\n\t\t<\/section>\n\t\t\t\t<section class=\"elementor-section elementor-top-section elementor-element elementor-element-05fd4f6 elementor-section-boxed elementor-section-height-default elementor-section-height-default\" data-id=\"05fd4f6\" data-element_type=\"section\" data-e-type=\"section\">\n\t\t\t\t\t\t<div class=\"elementor-container elementor-column-gap-default\">\n\t\t\t\t\t<div class=\"elementor-column elementor-col-100 elementor-top-column elementor-element elementor-element-1beedaa\" data-id=\"1beedaa\" data-element_type=\"column\" data-e-type=\"column\">\n\t\t\t<div class=\"elementor-widget-wrap elementor-element-populated\">\n\t\t\t\t\t\t<div class=\"elementor-element elementor-element-5f0a0c8 elementor-widget elementor-widget-text-editor\" data-id=\"5f0a0c8\" data-element_type=\"widget\" data-e-type=\"widget\" data-widget_type=\"text-editor.default\">\n\t\t\t\t<div class=\"elementor-widget-container\">\n\t\t\t\t\t\t\t\t\t<p>La prise de rendez-vous en ligne augmente la productivit\u00e9 du personnel et la satisfaction des patients. Profitez de la tranquillit\u00e9 d\u2019esprit car votre cabinet n\u2019est jamais ferm\u00e9 gr\u00e2ce au syst\u00e8me de prise de rendez-vous en ligne.<\/p>\t\t\t\t\t\t\t\t<\/div>\n\t\t\t\t<\/div>\n\t\t\t\t<div class=\"elementor-element elementor-element-b5f607e elementor-widget elementor-widget-text-editor\" data-id=\"b5f607e\" data-element_type=\"widget\" data-e-type=\"widget\" data-widget_type=\"text-editor.default\">\n\t\t\t\t<div class=\"elementor-widget-container\">\n\t\t\t\t\t\t\t\t\t<p>La gestion du calendrier peut \u00eatre grandement simplifi\u00e9e gr\u00e2ce au logiciel de gestion de rendez-vous. Gr\u00e2ce \u00e0 la prise de rendez-vous en ligne, le personnel peut facilement g\u00e9rer les horaires de consultation du m\u00e9decin, les dossiers des patients et les consultations individuels.<\/p>\t\t\t\t\t\t\t\t<\/div>\n\t\t\t\t<\/div>\n\t\t\t\t<div class=\"elementor-element elementor-element-15dcd7f elementor-widget elementor-widget-text-editor\" data-id=\"15dcd7f\" data-element_type=\"widget\" data-e-type=\"widget\" data-widget_type=\"text-editor.default\">\n\t\t\t\t<div class=\"elementor-widget-container\">\n\t\t\t\t\t\t\t\t\t<p>Beaucoup de m\u00e9decins et de petits cabinets m\u00e9dicaux ont d\u00e9j\u00e0 \u00e9tabli leurs propres sites Web \u2013 la prise de rendez-vous en ligne est un excellent ajout \u00e0 n&#8217;importe quel site, il s\u2019agit d\u2019un outil pr\u00e9cieux pour communiquer avec les patients.<\/p>\t\t\t\t\t\t\t\t<\/div>\n\t\t\t\t<\/div>\n\t\t\t\t\t<\/div>\n\t\t<\/div>\n\t\t\t\t\t<\/div>\n\t\t<\/section>\n\t\t\t\t<section class=\"elementor-section elementor-top-section elementor-element elementor-element-b894264 elementor-section-content-middle elementor-section-boxed elementor-section-height-default elementor-section-height-default\" data-id=\"b894264\" data-element_type=\"section\" data-e-type=\"section\">\n\t\t\t\t\t\t<div class=\"elementor-container elementor-column-gap-default\">\n\t\t\t\t\t<div class=\"elementor-column elementor-col-100 elementor-top-column elementor-element elementor-element-5200f57\" data-id=\"5200f57\" data-element_type=\"column\" data-e-type=\"column\">\n\t\t\t<div class=\"elementor-widget-wrap elementor-element-populated\">\n\t\t\t\t\t\t<div class=\"elementor-element elementor-element-7ad8695 elementor-widget elementor-widget-text-editor\" data-id=\"7ad8695\" data-element_type=\"widget\" data-e-type=\"widget\" data-widget_type=\"text-editor.default\">\n\t\t\t\t<div class=\"elementor-widget-container\">\n\t\t\t\t\t\t\t\t\t<p><b>Voici la liste non exhaustive des avantages offerts par l&#8217;utilisation de notre solution:<\/b><\/p>\t\t\t\t\t\t\t\t<\/div>\n\t\t\t\t<\/div>\n\t\t\t\t<div class=\"elementor-element elementor-element-ebea780 elementor-widget elementor-widget-heading\" data-id=\"ebea780\" data-element_type=\"widget\" data-e-type=\"widget\" data-widget_type=\"heading.default\">\n\t\t\t\t<div class=\"elementor-widget-container\">\n\t\t\t\t\t<h2 class=\"elementor-heading-title elementor-size-default\">VOS AVANTAGES:\n<\/h2>\t\t\t\t<\/div>\n\t\t\t\t<\/div>\n\t\t\t\t<div class=\"elementor-element elementor-element-8e6e926 elementor-widget-divider--view-line elementor-widget elementor-widget-divider\" data-id=\"8e6e926\" data-element_type=\"widget\" data-e-type=\"widget\" data-widget_type=\"divider.default\">\n\t\t\t\t<div class=\"elementor-widget-container\">\n\t\t\t\t\t\t\t<div class=\"elementor-divider\">\n\t\t\t<span class=\"elementor-divider-separator\">\n\t\t\t\t\t\t<\/span>\n\t\t<\/div>\n\t\t\t\t\t\t<\/div>\n\t\t\t\t<\/div>\n\t\t\t\t<div class=\"elementor-element elementor-element-5b9b747 elementor-widget elementor-widget-text-editor\" data-id=\"5b9b747\" data-element_type=\"widget\" data-e-type=\"widget\" data-widget_type=\"text-editor.default\">\n\t\t\t\t<div class=\"elementor-widget-container\">\n\t\t\t\t\t\t\t\t\t<ul><li>Environnement Web, donc pas de frais li\u00e9s au mat\u00e9riel.<\/li><li>Il peut s\u2019int\u00e9grer \u00e0 votre site Internet existant ou bien int\u00e9grer votre nouveau site internet que nous cr\u00e9erons pour vous ou vous pouvez simplement vous abonner \u00e0 notre service en ligne.<\/li><li>\u00c9vitez les appels t\u00e9l\u00e9phoniques et le travail administratif excessif de r\u00e9servation des rendez-vous.<\/li><li>Soyez parmi les premiers \u00e0 proposer ce service moderne \u00e0 vos patients.<\/li><li>Recevez votre liste de rendez-vous quotidiennement et soyez pr\u00eat \u00e0 accueillir vos patients avant m\u00eame qu\u2019ils ne viennent.<\/li><li>G\u00e9rez vos rendez-vous et vos disponibilit\u00e9s en ligne en temps r\u00e9el.<\/li><li>Acc\u00e9der en toute s\u00e9curit\u00e9 \u00e0 votre calendrier de rendez-vous \u00e0 partir de plusieurs bureaux.<\/li><li>Naviguer facilement \u00e0 travers vos agendas quotidiens, hebdomadaires et mensuels.<\/li><li>Ne perdez jamais l\u2019historique de vos consultations gr\u00e2ce au syst\u00e8me de sauvegarde.<\/li><li>Rester toujours en phase avec vos horaires de r\u00e9ception gr\u00e2ce aux notifications de rendez-vous.<\/li><li>Atteindre vos patients (actuels et futures) 24 heures par jour, 7 jours par semaine.<\/li><li>Interface multilingue: fran\u00e7ais, n\u00e9erlandais, anglais.<\/li><\/ul>\t\t\t\t\t\t\t\t<\/div>\n\t\t\t\t<\/div>\n\t\t\t\t\t<\/div>\n\t\t<\/div>\n\t\t\t\t\t<\/div>\n\t\t<\/section>\n\t\t\t\t<section class=\"elementor-section elementor-top-section elementor-element elementor-element-06f7542 elementor-section-content-middle elementor-section-boxed elementor-section-height-default elementor-section-height-default\" data-id=\"06f7542\" data-element_type=\"section\" data-e-type=\"section\">\n\t\t\t\t\t\t<div class=\"elementor-container elementor-column-gap-default\">\n\t\t\t\t\t<div class=\"elementor-column elementor-col-100 elementor-top-column elementor-element elementor-element-45f44ac\" data-id=\"45f44ac\" data-element_type=\"column\" data-e-type=\"column\">\n\t\t\t<div class=\"elementor-widget-wrap elementor-element-populated\">\n\t\t\t\t\t\t<div class=\"elementor-element elementor-element-c22ffd1 elementor-widget elementor-widget-heading\" data-id=\"c22ffd1\" data-element_type=\"widget\" data-e-type=\"widget\" data-widget_type=\"heading.default\">\n\t\t\t\t<div class=\"elementor-widget-container\">\n\t\t\t\t\t<h2 class=\"elementor-heading-title elementor-size-default\">LES AVANTAGES DE VOTRE PATIENT:\n<\/h2>\t\t\t\t<\/div>\n\t\t\t\t<\/div>\n\t\t\t\t<div class=\"elementor-element elementor-element-efdde84 elementor-widget-divider--view-line elementor-widget elementor-widget-divider\" data-id=\"efdde84\" data-element_type=\"widget\" data-e-type=\"widget\" data-widget_type=\"divider.default\">\n\t\t\t\t<div class=\"elementor-widget-container\">\n\t\t\t\t\t\t\t<div class=\"elementor-divider\">\n\t\t\t<span class=\"elementor-divider-separator\">\n\t\t\t\t\t\t<\/span>\n\t\t<\/div>\n\t\t\t\t\t\t<\/div>\n\t\t\t\t<\/div>\n\t\t\t\t<div class=\"elementor-element elementor-element-198e7a6 elementor-widget elementor-widget-text-editor\" data-id=\"198e7a6\" data-element_type=\"widget\" data-e-type=\"widget\" data-widget_type=\"text-editor.default\">\n\t\t\t\t<div class=\"elementor-widget-container\">\n\t\t\t\t\t\t\t\t\t<ul><li>Les patients peuvent prendre rendez-vous en ligne \u00e0 tout moment, et pas seulement pendant les heures de bureau.<\/li><li>Les patients peuvent prendre rendez-vous en ligne 24 heures sur 24, 7 jours sur 7 et durant tous les jours de l\u2019ann\u00e9e.<\/li><li>Les patients re\u00e7oivent une confirmation par e-mail.<\/li><li>Les patients obtiennent un acc\u00e8s facile \u00e0 leurs rendez-vous pass\u00e9s et futurs.<\/li><li>Les patients peuvent prendre rendez-vous \u00e0 partir de leur t\u00e9l\u00e9phone ou tablette (par exemple, iPad)).<\/li><\/ul>\t\t\t\t\t\t\t\t<\/div>\n\t\t\t\t<\/div>\n\t\t\t\t\t<\/div>\n\t\t<\/div>\n\t\t\t\t\t<\/div>\n\t\t<\/section>\n\t\t\t\t<section class=\"elementor-section elementor-top-section elementor-element elementor-element-5d16402 elementor-section-boxed elementor-section-height-default elementor-section-height-default\" data-id=\"5d16402\" data-element_type=\"section\" data-e-type=\"section\">\n\t\t\t\t\t\t<div class=\"elementor-container elementor-column-gap-default\">\n\t\t\t\t\t<div class=\"elementor-column elementor-col-100 elementor-top-column elementor-element elementor-element-f5fac0c\" data-id=\"f5fac0c\" data-element_type=\"column\" data-e-type=\"column\">\n\t\t\t<div class=\"elementor-widget-wrap elementor-element-populated\">\n\t\t\t\t\t\t<div class=\"elementor-element elementor-element-8d67064 elementor-align-center elementor-widget elementor-widget-button\" data-id=\"8d67064\" data-element_type=\"widget\" data-e-type=\"widget\" data-widget_type=\"button.default\">\n\t\t\t\t<div class=\"elementor-widget-container\">\n\t\t\t\t\t\t\t\t\t<div class=\"elementor-button-wrapper\">\n\t\t\t\t\t<a class=\"elementor-button elementor-button-link elementor-size-sm\" href=\"https:\/\/caresine.com\/caresine_new\/fr\/nous-contacter\/\">\n\t\t\t\t\t\t<span class=\"elementor-button-content-wrapper\">\n\t\t\t\t\t\t\t\t\t<span class=\"elementor-button-text\">Request a demo<\/span>\n\t\t\t\t\t<\/span>\n\t\t\t\t\t<\/a>\n\t\t\t\t<\/div>\n\t\t\t\t\t\t\t\t<\/div>\n\t\t\t\t<\/div>\n\t\t\t\t\t<\/div>\n\t\t<\/div>\n\t\t\t\t\t<\/div>\n\t\t<\/section>\n\t\t\t\t<\/div>\n\t\t","protected":false},"excerpt":{"rendered":"<p>CareSine Agenda On-Line La prise de rendez-vous en ligne augmente la productivit\u00e9 du personnel et la satisfaction des patients. Profitez de la tranquillit\u00e9 d\u2019esprit car votre cabinet n\u2019est jamais ferm\u00e9 gr\u00e2ce au syst\u00e8me de prise de rendez-vous en ligne. La gestion du calendrier peut \u00eatre grandement simplifi\u00e9e gr\u00e2ce au logiciel de gestion de rendez-vous. Gr\u00e2ce [&hellip;]<\/p>\n","protected":false},"author":1,"featured_media":0,"parent":0,"menu_order":75,"comment_status":"closed","ping_status":"closed","template":"","meta":{"_acf_changed":false,"footnotes":""},"class_list":["post-823","page","type-page","status-publish","hentry","entry","owp-thumbs-layout-horizontal","owp-btn-normal","owp-tabs-layout-horizontal","has-no-thumbnails","has-product-nav"],"acf":[],"_links":{"self":[{"href":"https:\/\/caresine.com\/caresine_new\/wp-json\/wp\/v2\/pages\/823","targetHints":{"allow":["GET"]}}],"collection":[{"href":"https:\/\/caresine.com\/caresine_new\/wp-json\/wp\/v2\/pages"}],"about":[{"href":"https:\/\/caresine.com\/caresine_new\/wp-json\/wp\/v2\/types\/page"}],"author":[{"embeddable":true,"href":"https:\/\/caresine.com\/caresine_new\/wp-json\/wp\/v2\/users\/1"}],"replies":[{"embeddable":true,"href":"https:\/\/caresine.com\/caresine_new\/wp-json\/wp\/v2\/comments?post=823"}],"version-history":[{"count":8,"href":"https:\/\/caresine.com\/caresine_new\/wp-json\/wp\/v2\/pages\/823\/revisions"}],"predecessor-version":[{"id":3521,"href":"https:\/\/caresine.com\/caresine_new\/wp-json\/wp\/v2\/pages\/823\/revisions\/3521"}],"wp:attachment":[{"href":"https:\/\/caresine.com\/caresine_new\/wp-json\/wp\/v2\/media?parent=823"}],"curies":[{"name":"wp","href":"https:\/\/api.w.org\/{rel}","templated":true}]}}