{"id":2226,"date":"2019-06-19T09:48:12","date_gmt":"2019-06-19T09:48:12","guid":{"rendered":"https:\/\/caresine.com\/caresine_new\/?page_id=2226"},"modified":"2023-07-16T00:19:21","modified_gmt":"2023-07-15T22:19:21","slug":"module-quiosk","status":"publish","type":"page","link":"https:\/\/caresine.com\/caresine_new\/module-quiosk\/","title":{"rendered":"Module Quiosk"},"content":{"rendered":"\t\t<div data-elementor-type=\"wp-post\" data-elementor-id=\"2226\" class=\"elementor elementor-2226\">\n\t\t\t\t\t\t<section class=\"elementor-section elementor-top-section elementor-element elementor-element-7e4a0c1 elementor-section-boxed elementor-section-height-default elementor-section-height-default\" data-id=\"7e4a0c1\" data-element_type=\"section\" data-e-type=\"section\">\n\t\t\t\t\t\t<div class=\"elementor-container elementor-column-gap-default\">\n\t\t\t\t\t<div class=\"elementor-column elementor-col-100 elementor-top-column elementor-element elementor-element-bce7dd7\" data-id=\"bce7dd7\" data-element_type=\"column\" data-e-type=\"column\">\n\t\t\t<div class=\"elementor-widget-wrap elementor-element-populated\">\n\t\t\t\t\t\t<div class=\"elementor-element elementor-element-9a6354b elementor-widget elementor-widget-spacer\" data-id=\"9a6354b\" data-element_type=\"widget\" data-e-type=\"widget\" data-widget_type=\"spacer.default\">\n\t\t\t\t<div class=\"elementor-widget-container\">\n\t\t\t\t\t\t\t<div class=\"elementor-spacer\">\n\t\t\t<div class=\"elementor-spacer-inner\"><\/div>\n\t\t<\/div>\n\t\t\t\t\t\t<\/div>\n\t\t\t\t<\/div>\n\t\t\t\t<div class=\"elementor-element elementor-element-4a1622d elementor-widget elementor-widget-heading\" data-id=\"4a1622d\" data-element_type=\"widget\" data-e-type=\"widget\" data-widget_type=\"heading.default\">\n\t\t\t\t<div class=\"elementor-widget-container\">\n\t\t\t\t\t<h1 class=\"elementor-heading-title elementor-size-default\">Module Quiosk<\/h1>\t\t\t\t<\/div>\n\t\t\t\t<\/div>\n\t\t\t\t<div class=\"elementor-element elementor-element-22f2c66 elementor-widget elementor-widget-text-editor\" data-id=\"22f2c66\" data-element_type=\"widget\" data-e-type=\"widget\" data-widget_type=\"text-editor.default\">\n\t\t\t\t<div class=\"elementor-widget-container\">\n\t\t\t\t\t\t\t\t\t<p><em>Un point de vente rapide et efficace pour vos clients !<\/em><\/p>\t\t\t\t\t\t\t\t<\/div>\n\t\t\t\t<\/div>\n\t\t\t\t<div class=\"elementor-element elementor-element-25f6bc0 elementor-widget elementor-widget-spacer\" data-id=\"25f6bc0\" data-element_type=\"widget\" data-e-type=\"widget\" data-widget_type=\"spacer.default\">\n\t\t\t\t<div class=\"elementor-widget-container\">\n\t\t\t\t\t\t\t<div class=\"elementor-spacer\">\n\t\t\t<div class=\"elementor-spacer-inner\"><\/div>\n\t\t<\/div>\n\t\t\t\t\t\t<\/div>\n\t\t\t\t<\/div>\n\t\t\t\t<div class=\"elementor-element elementor-element-619e7b6 elementor-widget elementor-widget-image\" data-id=\"619e7b6\" data-element_type=\"widget\" data-e-type=\"widget\" data-widget_type=\"image.default\">\n\t\t\t\t<div class=\"elementor-widget-container\">\n\t\t\t\t\t\t\t\t\t\t\t\t\t\t\t<img fetchpriority=\"high\" decoding=\"async\" width=\"1000\" height=\"400\" src=\"https:\/\/caresine.com\/caresine_new\/wp-content\/uploads\/2019\/01\/quiosk-2-1.jpg\" class=\"attachment-full size-full wp-image-1657\" alt=\"\" srcset=\"https:\/\/caresine.com\/caresine_new\/wp-content\/uploads\/2019\/01\/quiosk-2-1.jpg 1000w, https:\/\/caresine.com\/caresine_new\/wp-content\/uploads\/2019\/01\/quiosk-2-1-300x120.jpg 300w, https:\/\/caresine.com\/caresine_new\/wp-content\/uploads\/2019\/01\/quiosk-2-1-768x307.jpg 768w, https:\/\/caresine.com\/caresine_new\/wp-content\/uploads\/2019\/01\/quiosk-2-1-600x240.jpg 600w\" sizes=\"(max-width: 1000px) 100vw, 1000px\" \/>\t\t\t\t\t\t\t\t\t\t\t\t\t\t\t<\/div>\n\t\t\t\t<\/div>\n\t\t\t\t<div class=\"elementor-element elementor-element-d238c7f elementor-widget elementor-widget-text-editor\" data-id=\"d238c7f\" data-element_type=\"widget\" data-e-type=\"widget\" data-widget_type=\"text-editor.default\">\n\t\t\t\t<div class=\"elementor-widget-container\">\n\t\t\t\t\t\t\t\t\t<p>Points de vente sans surveillance avec diff\u00e9rents modes de paiement\u00a0 : carte de cr\u00e9dit, esp\u00e8ces ou au comptoir.<\/p><p>Ils travaillent de mani\u00e8re autonome et ininterrompue, augmentent la rentabilit\u00e9 de plus de 15%, \u00e9vitent les files d\u2019attente et les temps d\u2019attente, et am\u00e9liorent la r\u00e9partition du personnel.<\/p>\t\t\t\t\t\t\t\t<\/div>\n\t\t\t\t<\/div>\n\t\t\t\t<div class=\"elementor-element elementor-element-c4f14ee elementor-widget elementor-widget-spacer\" data-id=\"c4f14ee\" data-element_type=\"widget\" data-e-type=\"widget\" data-widget_type=\"spacer.default\">\n\t\t\t\t<div class=\"elementor-widget-container\">\n\t\t\t\t\t\t\t<div class=\"elementor-spacer\">\n\t\t\t<div class=\"elementor-spacer-inner\"><\/div>\n\t\t<\/div>\n\t\t\t\t\t\t<\/div>\n\t\t\t\t<\/div>\n\t\t\t\t\t<\/div>\n\t\t<\/div>\n\t\t\t\t\t<\/div>\n\t\t<\/section>\n\t\t\t\t<section class=\"elementor-section elementor-top-section elementor-element elementor-element-d8b7419 elementor-section-boxed elementor-section-height-default elementor-section-height-default\" data-id=\"d8b7419\" data-element_type=\"section\" data-e-type=\"section\">\n\t\t\t\t\t\t<div class=\"elementor-container elementor-column-gap-default\">\n\t\t\t\t\t<div class=\"elementor-column elementor-col-100 elementor-top-column elementor-element elementor-element-ce1113b\" data-id=\"ce1113b\" data-element_type=\"column\" data-e-type=\"column\">\n\t\t\t<div class=\"elementor-widget-wrap elementor-element-populated\">\n\t\t\t\t\t\t<div class=\"elementor-element elementor-element-53bb4d3 elementor-widget elementor-widget-video\" data-id=\"53bb4d3\" data-element_type=\"widget\" data-e-type=\"widget\" data-settings=\"{&quot;video_type&quot;:&quot;hosted&quot;,&quot;controls&quot;:&quot;yes&quot;}\" data-widget_type=\"video.default\">\n\t\t\t\t<div class=\"elementor-widget-container\">\n\t\t\t\t\t\t\t<div class=\"e-hosted-video elementor-wrapper elementor-open-inline\">\n\t\t\t\t\t<video class=\"elementor-video\" src=\"https:\/\/caresine.com\/caresine_new\/wp-content\/uploads\/2019\/10\/Kioskdemo.mp4\" controls=\"\" preload=\"metadata\" controlsList=\"nodownload\"><\/video>\n\t\t\t\t<\/div>\n\t\t\t\t\t\t<\/div>\n\t\t\t\t<\/div>\n\t\t\t\t\t<\/div>\n\t\t<\/div>\n\t\t\t\t\t<\/div>\n\t\t<\/section>\n\t\t\t\t<\/div>\n\t\t","protected":false},"excerpt":{"rendered":"<p>Module Quiosk Un point de vente rapide et efficace pour vos clients ! Points de vente sans surveillance avec diff\u00e9rents modes de paiement&nbsp; : carte de cr\u00e9dit, esp\u00e8ces ou au comptoir. Ils travaillent de mani\u00e8re autonome et ininterrompue, augmentent la rentabilit\u00e9 de plus de 15%, \u00e9vitent les files d\u2019attente et les temps d\u2019attente, et am\u00e9liorent [&hellip;]<\/p>\n","protected":false},"author":1,"featured_media":0,"parent":0,"menu_order":6,"comment_status":"closed","ping_status":"closed","template":"","meta":{"_acf_changed":false,"footnotes":""},"class_list":["post-2226","page","type-page","status-publish","hentry","entry","owp-thumbs-layout-horizontal","owp-btn-normal","owp-tabs-layout-horizontal","has-no-thumbnails","has-product-nav"],"acf":[],"_links":{"self":[{"href":"https:\/\/caresine.com\/caresine_new\/wp-json\/wp\/v2\/pages\/2226","targetHints":{"allow":["GET"]}}],"collection":[{"href":"https:\/\/caresine.com\/caresine_new\/wp-json\/wp\/v2\/pages"}],"about":[{"href":"https:\/\/caresine.com\/caresine_new\/wp-json\/wp\/v2\/types\/page"}],"author":[{"embeddable":true,"href":"https:\/\/caresine.com\/caresine_new\/wp-json\/wp\/v2\/users\/1"}],"replies":[{"embeddable":true,"href":"https:\/\/caresine.com\/caresine_new\/wp-json\/wp\/v2\/comments?post=2226"}],"version-history":[{"count":9,"href":"https:\/\/caresine.com\/caresine_new\/wp-json\/wp\/v2\/pages\/2226\/revisions"}],"predecessor-version":[{"id":3509,"href":"https:\/\/caresine.com\/caresine_new\/wp-json\/wp\/v2\/pages\/2226\/revisions\/3509"}],"wp:attachment":[{"href":"https:\/\/caresine.com\/caresine_new\/wp-json\/wp\/v2\/media?parent=2226"}],"curies":[{"name":"wp","href":"https:\/\/api.w.org\/{rel}","templated":true}]}}